{"id":6,"date":"2015-10-16T01:50:32","date_gmt":"2015-10-15T23:50:32","guid":{"rendered":"http:\/\/rainman.at\/restart\/?page_id=6"},"modified":"2017-03-18T22:58:58","modified_gmt":"2017-03-18T21:58:58","slug":"home","status":"publish","type":"page","link":"http:\/\/rainman.at\/forschung\/","title":{"rendered":"Home"},"content":{"rendered":"<h1><span class=\"color\">Willkommen beim Forschungsverein Rainman\u2019s Home!<\/span><\/h1>\n<p>Gegr\u00fcndet im Jahr 2000 wollen wir sowohl Grundlagen als auch angewandte Forschung unterst\u00fctzen, als Garant f\u00fcr ein theoretisches Fundament f\u00fcr die konzeptgeleitete Praxis in den Betreuungseinrichtungen von Rainman\u2019s Home. Zum wesentlichsten Aspekt der wissenschaftlichen T\u00e4tigkeiten entwickelte sich das regelm\u00e4\u00dfig veranstaltete Autismusforum, das 2017 bereits zum sechsten Mal stattfindet.<br \/>\n<a class=\"button\" href=\"http:\/\/rainman.at\/forschung\/6-autismusforum-rainmans-home\/\">mehr erfahren<\/a><\/p>\n","protected":false},"excerpt":{"rendered":"<p>Willkommen beim Forschungsverein Rainman\u2019s Home! Gegr\u00fcndet im Jahr 2000 wollen wir sowohl Grundlagen als auch angewandte Forschung unterst\u00fctzen, als Garant f\u00fcr ein theoretisches Fundament f\u00fcr die konzeptgeleitete Praxis in den Betreuungseinrichtungen von Rainman\u2019s Home. Zum wesentlichsten Aspekt der wissenschaftlichen T\u00e4tigkeiten entwickelte sich das regelm\u00e4\u00dfig veranstaltete Autismusforum, das 2017 bereits zum sechsten Mal stattfindet. mehr erfahren<\/p>\n","protected":false},"author":1,"featured_media":2765,"parent":0,"menu_order":0,"comment_status":"closed","ping_status":"closed","template":"page-templates\/front-page.php","meta":{"_mi_skip_tracking":false,"footnotes":""},"class_list":["post-6","page","type-page","status-publish","has-post-thumbnail","hentry"],"yoast_head":"<!-- This site is optimized with the Yoast SEO plugin v24.9 - https:\/\/yoast.com\/wordpress\/plugins\/seo\/ -->\n<title>Home - Forschungsverein rainman\u2019s home<\/title>\n<meta name=\"robots\" content=\"index, follow, max-snippet:-1, max-image-preview:large, max-video-preview:-1\" \/>\n<link rel=\"canonical\" href=\"https:\/\/rainman.at\/forschung\/\" \/>\n<meta property=\"og:locale\" content=\"de_DE\" \/>\n<meta property=\"og:type\" content=\"article\" \/>\n<meta property=\"og:title\" content=\"Home - Forschungsverein rainman\u2019s home\" \/>\n<meta property=\"og:description\" content=\"Willkommen beim Forschungsverein Rainman\u2019s Home! Gegr\u00fcndet im Jahr 2000 wollen wir sowohl Grundlagen als auch angewandte Forschung unterst\u00fctzen, als Garant f\u00fcr ein theoretisches Fundament f\u00fcr die konzeptgeleitete Praxis in den Betreuungseinrichtungen von Rainman\u2019s Home. Zum wesentlichsten Aspekt der wissenschaftlichen T\u00e4tigkeiten entwickelte sich das regelm\u00e4\u00dfig veranstaltete Autismusforum, das 2017 bereits zum sechsten Mal stattfindet. mehr erfahren\" \/>\n<meta property=\"og:url\" content=\"https:\/\/rainman.at\/forschung\/\" \/>\n<meta property=\"og:site_name\" content=\"Forschungsverein rainman\u2019s home\" \/>\n<meta property=\"article:modified_time\" content=\"2017-03-18T21:58:58+00:00\" \/>\n<meta property=\"og:image\" content=\"https:\/\/rainman.at\/forschungsverein\/wp-content\/uploads\/2015\/10\/header-1024x376.png\" \/>\n\t<meta property=\"og:image:width\" content=\"1024\" \/>\n\t<meta property=\"og:image:height\" content=\"376\" \/>\n\t<meta property=\"og:image:type\" content=\"image\/png\" \/>\n<meta name=\"twitter:card\" content=\"summary_large_image\" \/>\n<script type=\"application\/ld+json\" class=\"yoast-schema-graph\">{\"@context\":\"https:\/\/schema.org\",\"@graph\":[{\"@type\":\"WebPage\",\"@id\":\"https:\/\/rainman.at\/forschung\/\",\"url\":\"https:\/\/rainman.at\/forschung\/\",\"name\":\"Home - Forschungsverein rainman\u2019s home\",\"isPartOf\":{\"@id\":\"https:\/\/rainman.at\/forschung\/#website\"},\"primaryImageOfPage\":{\"@id\":\"https:\/\/rainman.at\/forschung\/#primaryimage\"},\"image\":{\"@id\":\"https:\/\/rainman.at\/forschung\/#primaryimage\"},\"thumbnailUrl\":\"http:\/\/rainman.at\/forschungsverein\/wp-content\/uploads\/2015\/10\/header.png\",\"datePublished\":\"2015-10-15T23:50:32+00:00\",\"dateModified\":\"2017-03-18T21:58:58+00:00\",\"breadcrumb\":{\"@id\":\"https:\/\/rainman.at\/forschung\/#breadcrumb\"},\"inLanguage\":\"de\",\"potentialAction\":[{\"@type\":\"ReadAction\",\"target\":[\"https:\/\/rainman.at\/forschung\/\"]}]},{\"@type\":\"ImageObject\",\"inLanguage\":\"de\",\"@id\":\"https:\/\/rainman.at\/forschung\/#primaryimage\",\"url\":\"http:\/\/rainman.at\/forschungsverein\/wp-content\/uploads\/2015\/10\/header.png\",\"contentUrl\":\"http:\/\/rainman.at\/forschungsverein\/wp-content\/uploads\/2015\/10\/header.png\",\"width\":2600,\"height\":955},{\"@type\":\"BreadcrumbList\",\"@id\":\"https:\/\/rainman.at\/forschung\/#breadcrumb\",\"itemListElement\":[{\"@type\":\"ListItem\",\"position\":1,\"name\":\"Startseite\",\"item\":\"https:\/\/rainman.at\/forschung\/\"},{\"@type\":\"ListItem\",\"position\":2,\"name\":\"Home\"}]},{\"@type\":\"WebSite\",\"@id\":\"https:\/\/rainman.at\/forschung\/#website\",\"url\":\"https:\/\/rainman.at\/forschung\/\",\"name\":\"Forschungsverein rainman\u2019s home\",\"description\":\"Forschungsverein rainman\u2019s home\",\"potentialAction\":[{\"@type\":\"SearchAction\",\"target\":{\"@type\":\"EntryPoint\",\"urlTemplate\":\"https:\/\/rainman.at\/forschung\/?s={search_term_string}\"},\"query-input\":{\"@type\":\"PropertyValueSpecification\",\"valueRequired\":true,\"valueName\":\"search_term_string\"}}],\"inLanguage\":\"de\"}]}<\/script>\n<!-- \/ Yoast SEO plugin. -->","yoast_head_json":{"title":"Home - Forschungsverein rainman\u2019s home","robots":{"index":"index","follow":"follow","max-snippet":"max-snippet:-1","max-image-preview":"max-image-preview:large","max-video-preview":"max-video-preview:-1"},"canonical":"https:\/\/rainman.at\/forschung\/","og_locale":"de_DE","og_type":"article","og_title":"Home - Forschungsverein rainman\u2019s home","og_description":"Willkommen beim Forschungsverein Rainman\u2019s Home! Gegr\u00fcndet im Jahr 2000 wollen wir sowohl Grundlagen als auch angewandte Forschung unterst\u00fctzen, als Garant f\u00fcr ein theoretisches Fundament f\u00fcr die konzeptgeleitete Praxis in den Betreuungseinrichtungen von Rainman\u2019s Home. Zum wesentlichsten Aspekt der wissenschaftlichen T\u00e4tigkeiten entwickelte sich das regelm\u00e4\u00dfig veranstaltete Autismusforum, das 2017 bereits zum sechsten Mal stattfindet. mehr erfahren","og_url":"https:\/\/rainman.at\/forschung\/","og_site_name":"Forschungsverein rainman\u2019s home","article_modified_time":"2017-03-18T21:58:58+00:00","og_image":[{"width":1024,"height":376,"url":"https:\/\/rainman.at\/forschungsverein\/wp-content\/uploads\/2015\/10\/header-1024x376.png","type":"image\/png"}],"twitter_card":"summary_large_image","schema":{"@context":"https:\/\/schema.org","@graph":[{"@type":"WebPage","@id":"https:\/\/rainman.at\/forschung\/","url":"https:\/\/rainman.at\/forschung\/","name":"Home - Forschungsverein rainman\u2019s home","isPartOf":{"@id":"https:\/\/rainman.at\/forschung\/#website"},"primaryImageOfPage":{"@id":"https:\/\/rainman.at\/forschung\/#primaryimage"},"image":{"@id":"https:\/\/rainman.at\/forschung\/#primaryimage"},"thumbnailUrl":"http:\/\/rainman.at\/forschungsverein\/wp-content\/uploads\/2015\/10\/header.png","datePublished":"2015-10-15T23:50:32+00:00","dateModified":"2017-03-18T21:58:58+00:00","breadcrumb":{"@id":"https:\/\/rainman.at\/forschung\/#breadcrumb"},"inLanguage":"de","potentialAction":[{"@type":"ReadAction","target":["https:\/\/rainman.at\/forschung\/"]}]},{"@type":"ImageObject","inLanguage":"de","@id":"https:\/\/rainman.at\/forschung\/#primaryimage","url":"http:\/\/rainman.at\/forschungsverein\/wp-content\/uploads\/2015\/10\/header.png","contentUrl":"http:\/\/rainman.at\/forschungsverein\/wp-content\/uploads\/2015\/10\/header.png","width":2600,"height":955},{"@type":"BreadcrumbList","@id":"https:\/\/rainman.at\/forschung\/#breadcrumb","itemListElement":[{"@type":"ListItem","position":1,"name":"Startseite","item":"https:\/\/rainman.at\/forschung\/"},{"@type":"ListItem","position":2,"name":"Home"}]},{"@type":"WebSite","@id":"https:\/\/rainman.at\/forschung\/#website","url":"https:\/\/rainman.at\/forschung\/","name":"Forschungsverein rainman\u2019s home","description":"Forschungsverein rainman\u2019s home","potentialAction":[{"@type":"SearchAction","target":{"@type":"EntryPoint","urlTemplate":"https:\/\/rainman.at\/forschung\/?s={search_term_string}"},"query-input":{"@type":"PropertyValueSpecification","valueRequired":true,"valueName":"search_term_string"}}],"inLanguage":"de"}]}},"_links":{"self":[{"href":"http:\/\/rainman.at\/forschung\/wp-json\/wp\/v2\/pages\/6","targetHints":{"allow":["GET"]}}],"collection":[{"href":"http:\/\/rainman.at\/forschung\/wp-json\/wp\/v2\/pages"}],"about":[{"href":"http:\/\/rainman.at\/forschung\/wp-json\/wp\/v2\/types\/page"}],"author":[{"embeddable":true,"href":"http:\/\/rainman.at\/forschung\/wp-json\/wp\/v2\/users\/1"}],"replies":[{"embeddable":true,"href":"http:\/\/rainman.at\/forschung\/wp-json\/wp\/v2\/comments?post=6"}],"version-history":[{"count":4,"href":"http:\/\/rainman.at\/forschung\/wp-json\/wp\/v2\/pages\/6\/revisions"}],"predecessor-version":[{"id":2983,"href":"http:\/\/rainman.at\/forschung\/wp-json\/wp\/v2\/pages\/6\/revisions\/2983"}],"wp:featuredmedia":[{"embeddable":true,"href":"http:\/\/rainman.at\/forschung\/wp-json\/wp\/v2\/media\/2765"}],"wp:attachment":[{"href":"http:\/\/rainman.at\/forschung\/wp-json\/wp\/v2\/media?parent=6"}],"curies":[{"name":"wp","href":"https:\/\/api.w.org\/{rel}","templated":true}]}}