{"id":2871,"date":"2017-02-06T02:27:18","date_gmt":"2017-02-06T01:27:18","guid":{"rendered":"http:\/\/rainman.at\/forschungsverein\/?page_id=2871"},"modified":"2017-02-06T02:27:18","modified_gmt":"2017-02-06T01:27:18","slug":"links","status":"publish","type":"page","link":"http:\/\/rainman.at\/forschung\/infos\/links\/","title":{"rendered":"Links"},"content":{"rendered":"<p><b><a class=\"afooter\" href=\"http:\/\/www.rainman.at\" target=\"_blank\">http:\/\/www.rainman.at<\/a><\/b><br \/>\n&#8211; die Website unserer Tagesheimst\u00e4tte Rainman&#8217;s Home, ein Verein zur Integration und Rehabilitation von autistisch und anders behinderten Menschen.<\/p>\n<p><b><a class=\"afooter\" href=\"http:\/\/www.eacd.org\" target=\"_blank\">http:\/\/www.eacd.org<\/a><\/b><br \/>\n&#8211; European Academy of Childhood Disability<\/p>\n<p><b><a class=\"afooter\" href=\"http:\/\/www.autismeurope.org\" target=\"_blank\">http:\/\/www.autismeurope.org<\/a><\/b><br \/>\n&#8211; Autism-Europe<\/p>\n<p><b><a class=\"afooter\" href=\"http:\/\/www.autismresearchcentre.com\" target=\"_blank\">http:\/\/www.autismresearchcentre.com<\/a><\/b><br \/>\n&#8211; Autism Research Centre<br \/>\nSimon Baron-Cohen is Professor of Developmental Psychopathology at the University of Cambridge<\/p>\n<p><span class=\"small\"><b>Verlinkungen:<\/b><br \/>\nDiese Website kann Links oder Verweise auf andere Sites enthalten, wobei autismus-wien.at f\u00fcr den Inhalt dieser anderen Sites keine Verantwortung \u00fcbernimmt und keinerlei Haftung f\u00fcr eventuell aus diesem Inhalt entstehende Sch\u00e4den oder Verluste. Links zu anderen Sites sind rein als Annehmlichkeit f\u00fcr die Nutzer dieser Internetseite gedacht.<\/p>\n<p>This website contains links and references to other sites. Rainman.at does not assume any responsiblity or liability for the contents of those sites nor for any loss or damage that may result from these contents. Links to other sites are only meant as a service to the visitors of our site. <\/span><\/p>\n","protected":false},"excerpt":{"rendered":"<p>http:\/\/www.rainman.at &#8211; die Website unserer Tagesheimst\u00e4tte Rainman&#8217;s Home, ein Verein zur Integration und Rehabilitation von autistisch und anders behinderten Menschen. http:\/\/www.eacd.org &#8211; European Academy of Childhood Disability http:\/\/www.autismeurope.org &#8211; Autism-Europe http:\/\/www.autismresearchcentre.com &#8211; Autism Research Centre Simon Baron-Cohen is Professor of Developmental Psychopathology at the University of Cambridge Verlinkungen: Diese Website kann Links oder Verweise auf &hellip; <a href=\"http:\/\/rainman.at\/forschung\/infos\/links\/\" class=\"more-link\">weiterlesen <span class=\"screen-reader-text\">Links<\/span><\/a><\/p>\n","protected":false},"author":1,"featured_media":0,"parent":2797,"menu_order":0,"comment_status":"closed","ping_status":"closed","template":"","meta":{"_mi_skip_tracking":false,"footnotes":""},"class_list":["post-2871","page","type-page","status-publish","hentry"],"yoast_head":"<!-- This site is optimized with the Yoast SEO plugin v24.9 - https:\/\/yoast.com\/wordpress\/plugins\/seo\/ -->\n<title>Links - Forschungsverein rainman\u2019s home<\/title>\n<meta name=\"robots\" content=\"index, follow, max-snippet:-1, max-image-preview:large, max-video-preview:-1\" \/>\n<link rel=\"canonical\" href=\"http:\/\/rainman.at\/forschung\/infos\/links\/\" \/>\n<meta property=\"og:locale\" content=\"de_DE\" \/>\n<meta property=\"og:type\" content=\"article\" \/>\n<meta property=\"og:title\" content=\"Links - Forschungsverein rainman\u2019s home\" \/>\n<meta property=\"og:description\" content=\"http:\/\/www.rainman.at &#8211; die Website unserer Tagesheimst\u00e4tte Rainman&#8217;s Home, ein Verein zur Integration und Rehabilitation von autistisch und anders behinderten Menschen. http:\/\/www.eacd.org &#8211; European Academy of Childhood Disability http:\/\/www.autismeurope.org &#8211; Autism-Europe http:\/\/www.autismresearchcentre.com &#8211; Autism Research Centre Simon Baron-Cohen is Professor of Developmental Psychopathology at the University of Cambridge Verlinkungen: Diese Website kann Links oder Verweise auf &hellip; weiterlesen Links\" \/>\n<meta property=\"og:url\" content=\"http:\/\/rainman.at\/forschung\/infos\/links\/\" \/>\n<meta property=\"og:site_name\" content=\"Forschungsverein rainman\u2019s home\" \/>\n<meta name=\"twitter:card\" content=\"summary_large_image\" \/>\n<meta name=\"twitter:label1\" content=\"Gesch\u00e4tzte Lesezeit\" \/>\n\t<meta name=\"twitter:data1\" content=\"1\u00a0Minute\" \/>\n<script type=\"application\/ld+json\" class=\"yoast-schema-graph\">{\"@context\":\"https:\/\/schema.org\",\"@graph\":[{\"@type\":\"WebPage\",\"@id\":\"http:\/\/rainman.at\/forschung\/infos\/links\/\",\"url\":\"http:\/\/rainman.at\/forschung\/infos\/links\/\",\"name\":\"Links - Forschungsverein rainman\u2019s home\",\"isPartOf\":{\"@id\":\"https:\/\/rainman.at\/forschung\/#website\"},\"datePublished\":\"2017-02-06T01:27:18+00:00\",\"breadcrumb\":{\"@id\":\"http:\/\/rainman.at\/forschung\/infos\/links\/#breadcrumb\"},\"inLanguage\":\"de\",\"potentialAction\":[{\"@type\":\"ReadAction\",\"target\":[\"http:\/\/rainman.at\/forschung\/infos\/links\/\"]}]},{\"@type\":\"BreadcrumbList\",\"@id\":\"http:\/\/rainman.at\/forschung\/infos\/links\/#breadcrumb\",\"itemListElement\":[{\"@type\":\"ListItem\",\"position\":1,\"name\":\"Startseite\",\"item\":\"https:\/\/rainman.at\/forschung\/\"},{\"@type\":\"ListItem\",\"position\":2,\"name\":\"Infos\",\"item\":\"http:\/\/rainman.at\/forschung\/infos\/\"},{\"@type\":\"ListItem\",\"position\":3,\"name\":\"Links\"}]},{\"@type\":\"WebSite\",\"@id\":\"https:\/\/rainman.at\/forschung\/#website\",\"url\":\"https:\/\/rainman.at\/forschung\/\",\"name\":\"Forschungsverein rainman\u2019s home\",\"description\":\"Forschungsverein rainman\u2019s home\",\"potentialAction\":[{\"@type\":\"SearchAction\",\"target\":{\"@type\":\"EntryPoint\",\"urlTemplate\":\"https:\/\/rainman.at\/forschung\/?s={search_term_string}\"},\"query-input\":{\"@type\":\"PropertyValueSpecification\",\"valueRequired\":true,\"valueName\":\"search_term_string\"}}],\"inLanguage\":\"de\"}]}<\/script>\n<!-- \/ Yoast SEO plugin. -->","yoast_head_json":{"title":"Links - Forschungsverein rainman\u2019s home","robots":{"index":"index","follow":"follow","max-snippet":"max-snippet:-1","max-image-preview":"max-image-preview:large","max-video-preview":"max-video-preview:-1"},"canonical":"http:\/\/rainman.at\/forschung\/infos\/links\/","og_locale":"de_DE","og_type":"article","og_title":"Links - Forschungsverein rainman\u2019s home","og_description":"http:\/\/www.rainman.at &#8211; die Website unserer Tagesheimst\u00e4tte Rainman&#8217;s Home, ein Verein zur Integration und Rehabilitation von autistisch und anders behinderten Menschen. http:\/\/www.eacd.org &#8211; European Academy of Childhood Disability http:\/\/www.autismeurope.org &#8211; Autism-Europe http:\/\/www.autismresearchcentre.com &#8211; Autism Research Centre Simon Baron-Cohen is Professor of Developmental Psychopathology at the University of Cambridge Verlinkungen: Diese Website kann Links oder Verweise auf &hellip; weiterlesen Links","og_url":"http:\/\/rainman.at\/forschung\/infos\/links\/","og_site_name":"Forschungsverein rainman\u2019s home","twitter_card":"summary_large_image","twitter_misc":{"Gesch\u00e4tzte Lesezeit":"1\u00a0Minute"},"schema":{"@context":"https:\/\/schema.org","@graph":[{"@type":"WebPage","@id":"http:\/\/rainman.at\/forschung\/infos\/links\/","url":"http:\/\/rainman.at\/forschung\/infos\/links\/","name":"Links - Forschungsverein rainman\u2019s home","isPartOf":{"@id":"https:\/\/rainman.at\/forschung\/#website"},"datePublished":"2017-02-06T01:27:18+00:00","breadcrumb":{"@id":"http:\/\/rainman.at\/forschung\/infos\/links\/#breadcrumb"},"inLanguage":"de","potentialAction":[{"@type":"ReadAction","target":["http:\/\/rainman.at\/forschung\/infos\/links\/"]}]},{"@type":"BreadcrumbList","@id":"http:\/\/rainman.at\/forschung\/infos\/links\/#breadcrumb","itemListElement":[{"@type":"ListItem","position":1,"name":"Startseite","item":"https:\/\/rainman.at\/forschung\/"},{"@type":"ListItem","position":2,"name":"Infos","item":"http:\/\/rainman.at\/forschung\/infos\/"},{"@type":"ListItem","position":3,"name":"Links"}]},{"@type":"WebSite","@id":"https:\/\/rainman.at\/forschung\/#website","url":"https:\/\/rainman.at\/forschung\/","name":"Forschungsverein rainman\u2019s home","description":"Forschungsverein rainman\u2019s home","potentialAction":[{"@type":"SearchAction","target":{"@type":"EntryPoint","urlTemplate":"https:\/\/rainman.at\/forschung\/?s={search_term_string}"},"query-input":{"@type":"PropertyValueSpecification","valueRequired":true,"valueName":"search_term_string"}}],"inLanguage":"de"}]}},"_links":{"self":[{"href":"http:\/\/rainman.at\/forschung\/wp-json\/wp\/v2\/pages\/2871","targetHints":{"allow":["GET"]}}],"collection":[{"href":"http:\/\/rainman.at\/forschung\/wp-json\/wp\/v2\/pages"}],"about":[{"href":"http:\/\/rainman.at\/forschung\/wp-json\/wp\/v2\/types\/page"}],"author":[{"embeddable":true,"href":"http:\/\/rainman.at\/forschung\/wp-json\/wp\/v2\/users\/1"}],"replies":[{"embeddable":true,"href":"http:\/\/rainman.at\/forschung\/wp-json\/wp\/v2\/comments?post=2871"}],"version-history":[{"count":1,"href":"http:\/\/rainman.at\/forschung\/wp-json\/wp\/v2\/pages\/2871\/revisions"}],"predecessor-version":[{"id":2872,"href":"http:\/\/rainman.at\/forschung\/wp-json\/wp\/v2\/pages\/2871\/revisions\/2872"}],"up":[{"embeddable":true,"href":"http:\/\/rainman.at\/forschung\/wp-json\/wp\/v2\/pages\/2797"}],"wp:attachment":[{"href":"http:\/\/rainman.at\/forschung\/wp-json\/wp\/v2\/media?parent=2871"}],"curies":[{"name":"wp","href":"https:\/\/api.w.org\/{rel}","templated":true}]}}