{"id":2868,"date":"2017-02-06T02:06:06","date_gmt":"2017-02-06T01:06:06","guid":{"rendered":"http:\/\/rainman.at\/forschungsverein\/?page_id=2868"},"modified":"2025-02-09T16:30:53","modified_gmt":"2025-02-09T15:30:53","slug":"analyse","status":"publish","type":"page","link":"http:\/\/rainman.at\/forschung\/analyse\/","title":{"rendered":"Analyse \/ Analysis"},"content":{"rendered":"<p><i id=\"fac_69e4b994c1964\" class=\"fa fa-flag\"><\/i>\n <a href=\"#english\">English Version of this page<\/a><strong><br \/>\n<\/strong><\/p>\n<p><strong>Hinweise zur Anwendung des Diagnosebogens<\/strong><\/p>\n<p>Der vorliegende Bogen wurde von uns zur Erstellung einer Verdachtsdiagnose entwickelt. Er ist sehr kurz und \u00fcbersichtlich gehalten. Bei der Entwicklung des Bogens orientierten wir uns an den angegebenen Diagnosekriterien des DSM-IV, wandelten diese jedoch in Fragen um. Es liegen zwei Versionen vor. Bei einer Version sind die entscheidenden Punkte farblich unterlegt, um selbst eine Auswertung vornehmen zu k\u00f6nnen. Es wird jedoch empfohlen, erst den \u201eneutralen\u201c Bogen auszuf\u00fcllen, um unbeeinflusst antworten zu k\u00f6nnen. Die Auswertung k\u00f6nnen Sie dann mit Hilfe des farblich unterlegten Bogens vornehmen.<\/p>\n<p>Im Bereich \u201eSoziale Interaktion\u201c sind die Treffer rot unterlegt. Am rechten Rand sind die Buchstaben a, b und c zu sehen. Der Bereich a umfasst drei Fragen (bis zu der Zeile, bei der der Buchstabe b steht). Der Bereich b umfasst insgesamt vier Fragen, ebenso c.<\/p>\n<p>Somit k\u00f6nnen bei Soziale Interaktion drei Punkte erf\u00fcllt werden. Das hei\u00dft, liegt eine Antwort der drei Fragen zu a im farbigen Bereich, gilt ein Punkt als erf\u00fcllt. Ebenso verh\u00e4lt es sich bei b und c.<\/p>\n<p>Je mehr Antworten im farbig unterlegten Bereich liegen, umso deutlicher der Hinweis auf eine m\u00f6gliche Diagnose. Werden bei Soziale Interaktion keine zwei Punkte erf\u00fcllt, ist an eine Diagnose Autismus nicht zu denken.<\/p>\n<p>Die Auswertung ist auch bei den Abschnitten Kommunikation und Verhaltensweisen analog. Bei diesen ist jedoch nur die Erf\u00fcllung von mindestens je einem Punkt Voraussetzung f\u00fcr die Verdachtsdiagnose. Insgesamt m\u00fcssen in Summe mindestens sechs Punkte gegeben sein. Je h\u00f6her die Punktezahl, umso wahrscheinlicher ist es, dass an Autismus zu denken ist.<\/p>\n<p>Bitte beachten Sie auch die Hinweise, die im beigef\u00fcgten Informationsblatt gemacht werden. Wenn Sie weitere Fragen dazu haben, <a class=\"afooter\" href=\"mailto:forschung@rainman.at\">kontaktieren Sie uns per Mail<\/a>!<\/p>\n<p><a href=\"http:\/\/rainman.at\/restart\/wp-content\/uploads\/download\/FRAGEBOGEN.pdf\" target=\"_blank\" rel=\"noopener\">Download Fragebogen mit Schablone<\/a><\/p>\n<p>Anton Diestelberger, Therese Z\u00f6ttl<\/p>\n<hr \/>\n<p><a name=\"english\"><\/a><i id=\"fac_69e4b994c353e\" class=\"fa fa-flag\"><\/i>\nenglish version<br \/>\n<strong>Notes on how to use the diagnostic questionnaire<\/strong><\/p>\n<p>The present questionnaire was developed by us to be used for making a presumptive diagnosis. It is quite short and has a clear structure. We followed the diagnostic criteria mentioned in the DSM-IV but converted them into questions. There are currently two versions. In one version, the crucial points are highlighted in colour so as to allow an evaluation by one\u2019s self. However, it is useful to fill out the \u201eneutral\u201c questionnaire first in order to give unbiased answers. An evaluation can then be made with the coloured questionnaire.<\/p>\n<p>In the section \u201esocial interaction\u201c, the crucial parts are marked in red. On the right-hand side, there are the letters a, b and c. Section a covers three questions (down to where there is the letter b). Section b covers four questions, so does section c.<\/p>\n<p>Thus, in Social Interaction a total score of 3 can be reached. This means that, if one of the answers in section a is in the highlighted part, then the score is 1. It is the same with sections b and c.<\/p>\n<p>The more answers there are in the coloured parts, the clearer the tendency towards a possible diagnosis with autism. If in Social Interaction the total score is less than 2, a diagnosis with autism cannot be taken into consideration.<\/p>\n<p>The evaluation for sections Communication and Behaviour works just the same way. However, in these latter two sections, only 1 point per section is necessary for a presumptive diagnosis. In total, the score must be at least 6. The higher the score, the more likely a diagnosis with autism can be taken into consideration.<\/p>\n<p>Please, also pay attention to the notes given on the information sheet you receive together with the questionnaire. If you have any further questions, please, <a class=\"afooter\" href=\"mailto:rh.forschung@aon.at\">contact us by e-mail<\/a>!<\/p>\n<p><a class=\"afooter\" href=\"http:\/\/rainman.at\/forschung\/download\/RainmansHome_questionnaire_e.pdf\" target=\"_blank\" rel=\"noopener\" data-wplink-edit=\"true\">Download &#8222;neutral&#8220; Questionnaire<\/a> (.pdf, 111KB)<br \/>\n<a class=\"afooter\" href=\"http:\/\/rainman.at\/forschung\/download\/RainmansHome_questionnaire_plus_schablone_e.pdf\" target=\"_blank\" rel=\"noopener\">Download marked Questionnaire<\/a> (.pdf, 123 KB)<\/p>\n<p>Anton Diestelberger, Therese Z\u00f6ttl<\/p>\n","protected":false},"excerpt":{"rendered":"<p>English Version of this page Hinweise zur Anwendung des Diagnosebogens Der vorliegende Bogen wurde von uns zur Erstellung einer Verdachtsdiagnose entwickelt. Er ist sehr kurz und \u00fcbersichtlich gehalten. Bei der Entwicklung des Bogens orientierten wir uns an den angegebenen Diagnosekriterien des DSM-IV, wandelten diese jedoch in Fragen um. Es liegen zwei Versionen vor. Bei einer &hellip; <a href=\"http:\/\/rainman.at\/forschung\/analyse\/\" class=\"more-link\">weiterlesen <span class=\"screen-reader-text\">Analyse \/ Analysis<\/span><\/a><\/p>\n","protected":false},"author":1,"featured_media":0,"parent":0,"menu_order":0,"comment_status":"closed","ping_status":"closed","template":"","meta":{"_mi_skip_tracking":false,"footnotes":""},"class_list":["post-2868","page","type-page","status-publish","hentry"],"yoast_head":"<!-- This site is optimized with the Yoast SEO plugin v24.9 - https:\/\/yoast.com\/wordpress\/plugins\/seo\/ -->\n<title>Analyse \/ Analysis - Forschungsverein rainman\u2019s home<\/title>\n<meta name=\"robots\" content=\"index, follow, max-snippet:-1, max-image-preview:large, max-video-preview:-1\" \/>\n<link rel=\"canonical\" href=\"http:\/\/rainman.at\/forschung\/analyse\/\" \/>\n<meta property=\"og:locale\" content=\"de_DE\" \/>\n<meta property=\"og:type\" content=\"article\" \/>\n<meta property=\"og:title\" content=\"Analyse \/ Analysis - Forschungsverein rainman\u2019s home\" \/>\n<meta property=\"og:description\" content=\"English Version of this page Hinweise zur Anwendung des Diagnosebogens Der vorliegende Bogen wurde von uns zur Erstellung einer Verdachtsdiagnose entwickelt. Er ist sehr kurz und \u00fcbersichtlich gehalten. Bei der Entwicklung des Bogens orientierten wir uns an den angegebenen Diagnosekriterien des DSM-IV, wandelten diese jedoch in Fragen um. Es liegen zwei Versionen vor. Bei einer &hellip; weiterlesen Analyse \/ Analysis\" \/>\n<meta property=\"og:url\" content=\"http:\/\/rainman.at\/forschung\/analyse\/\" \/>\n<meta property=\"og:site_name\" content=\"Forschungsverein rainman\u2019s home\" \/>\n<meta property=\"article:modified_time\" content=\"2025-02-09T15:30:53+00:00\" \/>\n<meta name=\"twitter:card\" content=\"summary_large_image\" \/>\n<meta name=\"twitter:label1\" content=\"Gesch\u00e4tzte Lesezeit\" \/>\n\t<meta name=\"twitter:data1\" content=\"4\u00a0Minuten\" \/>\n<script type=\"application\/ld+json\" class=\"yoast-schema-graph\">{\"@context\":\"https:\/\/schema.org\",\"@graph\":[{\"@type\":\"WebPage\",\"@id\":\"http:\/\/rainman.at\/forschung\/analyse\/\",\"url\":\"http:\/\/rainman.at\/forschung\/analyse\/\",\"name\":\"Analyse \/ Analysis - Forschungsverein rainman\u2019s home\",\"isPartOf\":{\"@id\":\"https:\/\/rainman.at\/forschung\/#website\"},\"datePublished\":\"2017-02-06T01:06:06+00:00\",\"dateModified\":\"2025-02-09T15:30:53+00:00\",\"breadcrumb\":{\"@id\":\"http:\/\/rainman.at\/forschung\/analyse\/#breadcrumb\"},\"inLanguage\":\"de\",\"potentialAction\":[{\"@type\":\"ReadAction\",\"target\":[\"http:\/\/rainman.at\/forschung\/analyse\/\"]}]},{\"@type\":\"BreadcrumbList\",\"@id\":\"http:\/\/rainman.at\/forschung\/analyse\/#breadcrumb\",\"itemListElement\":[{\"@type\":\"ListItem\",\"position\":1,\"name\":\"Startseite\",\"item\":\"https:\/\/rainman.at\/forschung\/\"},{\"@type\":\"ListItem\",\"position\":2,\"name\":\"Analyse \/ Analysis\"}]},{\"@type\":\"WebSite\",\"@id\":\"https:\/\/rainman.at\/forschung\/#website\",\"url\":\"https:\/\/rainman.at\/forschung\/\",\"name\":\"Forschungsverein rainman\u2019s home\",\"description\":\"Forschungsverein rainman\u2019s home\",\"potentialAction\":[{\"@type\":\"SearchAction\",\"target\":{\"@type\":\"EntryPoint\",\"urlTemplate\":\"https:\/\/rainman.at\/forschung\/?s={search_term_string}\"},\"query-input\":{\"@type\":\"PropertyValueSpecification\",\"valueRequired\":true,\"valueName\":\"search_term_string\"}}],\"inLanguage\":\"de\"}]}<\/script>\n<!-- \/ Yoast SEO plugin. -->","yoast_head_json":{"title":"Analyse \/ Analysis - Forschungsverein rainman\u2019s home","robots":{"index":"index","follow":"follow","max-snippet":"max-snippet:-1","max-image-preview":"max-image-preview:large","max-video-preview":"max-video-preview:-1"},"canonical":"http:\/\/rainman.at\/forschung\/analyse\/","og_locale":"de_DE","og_type":"article","og_title":"Analyse \/ Analysis - Forschungsverein rainman\u2019s home","og_description":"English Version of this page Hinweise zur Anwendung des Diagnosebogens Der vorliegende Bogen wurde von uns zur Erstellung einer Verdachtsdiagnose entwickelt. Er ist sehr kurz und \u00fcbersichtlich gehalten. Bei der Entwicklung des Bogens orientierten wir uns an den angegebenen Diagnosekriterien des DSM-IV, wandelten diese jedoch in Fragen um. Es liegen zwei Versionen vor. Bei einer &hellip; weiterlesen Analyse \/ Analysis","og_url":"http:\/\/rainman.at\/forschung\/analyse\/","og_site_name":"Forschungsverein rainman\u2019s home","article_modified_time":"2025-02-09T15:30:53+00:00","twitter_card":"summary_large_image","twitter_misc":{"Gesch\u00e4tzte Lesezeit":"4\u00a0Minuten"},"schema":{"@context":"https:\/\/schema.org","@graph":[{"@type":"WebPage","@id":"http:\/\/rainman.at\/forschung\/analyse\/","url":"http:\/\/rainman.at\/forschung\/analyse\/","name":"Analyse \/ Analysis - Forschungsverein rainman\u2019s home","isPartOf":{"@id":"https:\/\/rainman.at\/forschung\/#website"},"datePublished":"2017-02-06T01:06:06+00:00","dateModified":"2025-02-09T15:30:53+00:00","breadcrumb":{"@id":"http:\/\/rainman.at\/forschung\/analyse\/#breadcrumb"},"inLanguage":"de","potentialAction":[{"@type":"ReadAction","target":["http:\/\/rainman.at\/forschung\/analyse\/"]}]},{"@type":"BreadcrumbList","@id":"http:\/\/rainman.at\/forschung\/analyse\/#breadcrumb","itemListElement":[{"@type":"ListItem","position":1,"name":"Startseite","item":"https:\/\/rainman.at\/forschung\/"},{"@type":"ListItem","position":2,"name":"Analyse \/ Analysis"}]},{"@type":"WebSite","@id":"https:\/\/rainman.at\/forschung\/#website","url":"https:\/\/rainman.at\/forschung\/","name":"Forschungsverein rainman\u2019s home","description":"Forschungsverein rainman\u2019s home","potentialAction":[{"@type":"SearchAction","target":{"@type":"EntryPoint","urlTemplate":"https:\/\/rainman.at\/forschung\/?s={search_term_string}"},"query-input":{"@type":"PropertyValueSpecification","valueRequired":true,"valueName":"search_term_string"}}],"inLanguage":"de"}]}},"_links":{"self":[{"href":"http:\/\/rainman.at\/forschung\/wp-json\/wp\/v2\/pages\/2868","targetHints":{"allow":["GET"]}}],"collection":[{"href":"http:\/\/rainman.at\/forschung\/wp-json\/wp\/v2\/pages"}],"about":[{"href":"http:\/\/rainman.at\/forschung\/wp-json\/wp\/v2\/types\/page"}],"author":[{"embeddable":true,"href":"http:\/\/rainman.at\/forschung\/wp-json\/wp\/v2\/users\/1"}],"replies":[{"embeddable":true,"href":"http:\/\/rainman.at\/forschung\/wp-json\/wp\/v2\/comments?post=2868"}],"version-history":[{"count":8,"href":"http:\/\/rainman.at\/forschung\/wp-json\/wp\/v2\/pages\/2868\/revisions"}],"predecessor-version":[{"id":3112,"href":"http:\/\/rainman.at\/forschung\/wp-json\/wp\/v2\/pages\/2868\/revisions\/3112"}],"wp:attachment":[{"href":"http:\/\/rainman.at\/forschung\/wp-json\/wp\/v2\/media?parent=2868"}],"curies":[{"name":"wp","href":"https:\/\/api.w.org\/{rel}","templated":true}]}}