{"id":2857,"date":"2017-02-05T18:12:38","date_gmt":"2017-02-05T17:12:38","guid":{"rendered":"http:\/\/rainman.at\/forschungsverein\/?page_id=2857"},"modified":"2017-02-06T00:43:08","modified_gmt":"2017-02-05T23:43:08","slug":"ziele","status":"publish","type":"page","link":"http:\/\/rainman.at\/forschung\/forschung-research\/ziele\/","title":{"rendered":"Ziele"},"content":{"rendered":"<p>Auflistung unserer Ziele der n\u00e4chsten Zeit:<\/p>\n<ul>\n<li>Dokumentation der Symptomatik<\/li>\n<li>Dokumentation in Bezug auf Aspekte der \u00c4tiologie (Ursachenforschung, Genetik &#8230;)<\/li>\n<li>Dokumentation und Evaluation von Ma\u00dfnahmen zur Entwicklung von Selbstwertgef\u00fchl und der Ich-Empfindung durch gezielte Angebote in arbeits\u00e4hnlichen Situationen<\/li>\n<li>Dokumentation und Evaluation von Methoden, die durch Schaffung spezieller Angebote und Strukturen in den F\u00f6rderkonzepten einen Abbau von Aggressionen und Autoaggressionen bewirken<\/li>\n<li>Dokumentation der Medikation, besonders im Zusammenhang mit Aggressionen<\/li>\n<\/ul>\n","protected":false},"excerpt":{"rendered":"<p>Auflistung unserer Ziele der n\u00e4chsten Zeit: Dokumentation der Symptomatik Dokumentation in Bezug auf Aspekte der \u00c4tiologie (Ursachenforschung, Genetik &#8230;) Dokumentation und Evaluation von Ma\u00dfnahmen zur Entwicklung von Selbstwertgef\u00fchl und der Ich-Empfindung durch gezielte Angebote in arbeits\u00e4hnlichen Situationen Dokumentation und Evaluation von Methoden, die durch Schaffung spezieller Angebote und Strukturen in den F\u00f6rderkonzepten einen Abbau von &hellip; <a href=\"http:\/\/rainman.at\/forschung\/forschung-research\/ziele\/\" class=\"more-link\">weiterlesen <span class=\"screen-reader-text\">Ziele<\/span><\/a><\/p>\n","protected":false},"author":1,"featured_media":0,"parent":2795,"menu_order":0,"comment_status":"closed","ping_status":"closed","template":"","meta":{"_mi_skip_tracking":false,"footnotes":""},"class_list":["post-2857","page","type-page","status-publish","hentry"],"yoast_head":"<!-- This site is optimized with the Yoast SEO plugin v24.9 - https:\/\/yoast.com\/wordpress\/plugins\/seo\/ -->\n<title>Ziele - Forschungsverein rainman\u2019s home<\/title>\n<meta name=\"robots\" content=\"index, follow, max-snippet:-1, max-image-preview:large, max-video-preview:-1\" \/>\n<link rel=\"canonical\" href=\"https:\/\/rainman.at\/forschung\/forschung-research\/ziele\/\" \/>\n<meta property=\"og:locale\" content=\"de_DE\" \/>\n<meta property=\"og:type\" content=\"article\" \/>\n<meta property=\"og:title\" content=\"Ziele - Forschungsverein rainman\u2019s home\" \/>\n<meta property=\"og:description\" content=\"Auflistung unserer Ziele der n\u00e4chsten Zeit: Dokumentation der Symptomatik Dokumentation in Bezug auf Aspekte der \u00c4tiologie (Ursachenforschung, Genetik &#8230;) Dokumentation und Evaluation von Ma\u00dfnahmen zur Entwicklung von Selbstwertgef\u00fchl und der Ich-Empfindung durch gezielte Angebote in arbeits\u00e4hnlichen Situationen Dokumentation und Evaluation von Methoden, die durch Schaffung spezieller Angebote und Strukturen in den F\u00f6rderkonzepten einen Abbau von &hellip; weiterlesen Ziele\" \/>\n<meta property=\"og:url\" content=\"https:\/\/rainman.at\/forschung\/forschung-research\/ziele\/\" \/>\n<meta property=\"og:site_name\" content=\"Forschungsverein rainman\u2019s home\" \/>\n<meta property=\"article:modified_time\" content=\"2017-02-05T23:43:08+00:00\" \/>\n<meta name=\"twitter:card\" content=\"summary_large_image\" \/>\n<script type=\"application\/ld+json\" class=\"yoast-schema-graph\">{\"@context\":\"https:\/\/schema.org\",\"@graph\":[{\"@type\":\"WebPage\",\"@id\":\"https:\/\/rainman.at\/forschung\/forschung-research\/ziele\/\",\"url\":\"https:\/\/rainman.at\/forschung\/forschung-research\/ziele\/\",\"name\":\"Ziele - Forschungsverein rainman\u2019s home\",\"isPartOf\":{\"@id\":\"https:\/\/rainman.at\/forschung\/#website\"},\"datePublished\":\"2017-02-05T17:12:38+00:00\",\"dateModified\":\"2017-02-05T23:43:08+00:00\",\"breadcrumb\":{\"@id\":\"https:\/\/rainman.at\/forschung\/forschung-research\/ziele\/#breadcrumb\"},\"inLanguage\":\"de\",\"potentialAction\":[{\"@type\":\"ReadAction\",\"target\":[\"https:\/\/rainman.at\/forschung\/forschung-research\/ziele\/\"]}]},{\"@type\":\"BreadcrumbList\",\"@id\":\"https:\/\/rainman.at\/forschung\/forschung-research\/ziele\/#breadcrumb\",\"itemListElement\":[{\"@type\":\"ListItem\",\"position\":1,\"name\":\"Startseite\",\"item\":\"https:\/\/rainman.at\/forschung\/\"},{\"@type\":\"ListItem\",\"position\":2,\"name\":\"Forschung \/ Research\",\"item\":\"https:\/\/rainman.at\/forschung\/forschung-research\/\"},{\"@type\":\"ListItem\",\"position\":3,\"name\":\"Ziele\"}]},{\"@type\":\"WebSite\",\"@id\":\"https:\/\/rainman.at\/forschung\/#website\",\"url\":\"https:\/\/rainman.at\/forschung\/\",\"name\":\"Forschungsverein rainman\u2019s home\",\"description\":\"Forschungsverein rainman\u2019s home\",\"potentialAction\":[{\"@type\":\"SearchAction\",\"target\":{\"@type\":\"EntryPoint\",\"urlTemplate\":\"https:\/\/rainman.at\/forschung\/?s={search_term_string}\"},\"query-input\":{\"@type\":\"PropertyValueSpecification\",\"valueRequired\":true,\"valueName\":\"search_term_string\"}}],\"inLanguage\":\"de\"}]}<\/script>\n<!-- \/ Yoast SEO plugin. -->","yoast_head_json":{"title":"Ziele - Forschungsverein rainman\u2019s home","robots":{"index":"index","follow":"follow","max-snippet":"max-snippet:-1","max-image-preview":"max-image-preview:large","max-video-preview":"max-video-preview:-1"},"canonical":"https:\/\/rainman.at\/forschung\/forschung-research\/ziele\/","og_locale":"de_DE","og_type":"article","og_title":"Ziele - Forschungsverein rainman\u2019s home","og_description":"Auflistung unserer Ziele der n\u00e4chsten Zeit: Dokumentation der Symptomatik Dokumentation in Bezug auf Aspekte der \u00c4tiologie (Ursachenforschung, Genetik &#8230;) Dokumentation und Evaluation von Ma\u00dfnahmen zur Entwicklung von Selbstwertgef\u00fchl und der Ich-Empfindung durch gezielte Angebote in arbeits\u00e4hnlichen Situationen Dokumentation und Evaluation von Methoden, die durch Schaffung spezieller Angebote und Strukturen in den F\u00f6rderkonzepten einen Abbau von &hellip; weiterlesen Ziele","og_url":"https:\/\/rainman.at\/forschung\/forschung-research\/ziele\/","og_site_name":"Forschungsverein rainman\u2019s home","article_modified_time":"2017-02-05T23:43:08+00:00","twitter_card":"summary_large_image","schema":{"@context":"https:\/\/schema.org","@graph":[{"@type":"WebPage","@id":"https:\/\/rainman.at\/forschung\/forschung-research\/ziele\/","url":"https:\/\/rainman.at\/forschung\/forschung-research\/ziele\/","name":"Ziele - Forschungsverein rainman\u2019s home","isPartOf":{"@id":"https:\/\/rainman.at\/forschung\/#website"},"datePublished":"2017-02-05T17:12:38+00:00","dateModified":"2017-02-05T23:43:08+00:00","breadcrumb":{"@id":"https:\/\/rainman.at\/forschung\/forschung-research\/ziele\/#breadcrumb"},"inLanguage":"de","potentialAction":[{"@type":"ReadAction","target":["https:\/\/rainman.at\/forschung\/forschung-research\/ziele\/"]}]},{"@type":"BreadcrumbList","@id":"https:\/\/rainman.at\/forschung\/forschung-research\/ziele\/#breadcrumb","itemListElement":[{"@type":"ListItem","position":1,"name":"Startseite","item":"https:\/\/rainman.at\/forschung\/"},{"@type":"ListItem","position":2,"name":"Forschung \/ Research","item":"https:\/\/rainman.at\/forschung\/forschung-research\/"},{"@type":"ListItem","position":3,"name":"Ziele"}]},{"@type":"WebSite","@id":"https:\/\/rainman.at\/forschung\/#website","url":"https:\/\/rainman.at\/forschung\/","name":"Forschungsverein rainman\u2019s home","description":"Forschungsverein rainman\u2019s home","potentialAction":[{"@type":"SearchAction","target":{"@type":"EntryPoint","urlTemplate":"https:\/\/rainman.at\/forschung\/?s={search_term_string}"},"query-input":{"@type":"PropertyValueSpecification","valueRequired":true,"valueName":"search_term_string"}}],"inLanguage":"de"}]}},"_links":{"self":[{"href":"http:\/\/rainman.at\/forschung\/wp-json\/wp\/v2\/pages\/2857","targetHints":{"allow":["GET"]}}],"collection":[{"href":"http:\/\/rainman.at\/forschung\/wp-json\/wp\/v2\/pages"}],"about":[{"href":"http:\/\/rainman.at\/forschung\/wp-json\/wp\/v2\/types\/page"}],"author":[{"embeddable":true,"href":"http:\/\/rainman.at\/forschung\/wp-json\/wp\/v2\/users\/1"}],"replies":[{"embeddable":true,"href":"http:\/\/rainman.at\/forschung\/wp-json\/wp\/v2\/comments?post=2857"}],"version-history":[{"count":1,"href":"http:\/\/rainman.at\/forschung\/wp-json\/wp\/v2\/pages\/2857\/revisions"}],"predecessor-version":[{"id":2858,"href":"http:\/\/rainman.at\/forschung\/wp-json\/wp\/v2\/pages\/2857\/revisions\/2858"}],"up":[{"embeddable":true,"href":"http:\/\/rainman.at\/forschung\/wp-json\/wp\/v2\/pages\/2795"}],"wp:attachment":[{"href":"http:\/\/rainman.at\/forschung\/wp-json\/wp\/v2\/media?parent=2857"}],"curies":[{"name":"wp","href":"https:\/\/api.w.org\/{rel}","templated":true}]}}