{"id":203,"date":"2015-12-02T15:54:04","date_gmt":"2015-12-02T14:54:04","guid":{"rendered":"http:\/\/rainman.at\/restart\/?page_id=203"},"modified":"2017-02-05T17:15:35","modified_gmt":"2017-02-05T16:15:35","slug":"vorstand","status":"publish","type":"page","link":"http:\/\/rainman.at\/forschung\/organisation\/vorstand\/","title":{"rendered":"Vorstand"},"content":{"rendered":"<p>Der Vorstand umfasst drei Mitglieder, die die Funktionen Obmann, Schriftf\u00fchrer, Kassier aus\u00fcben, sowie weitere Mitglieder. Diese werden nur dann in den Vorstand gew\u00e4hlt, wenn sie zur Erreichung der angestrebten Forschungsziele wesentlich beitragen k\u00f6nnen. Die Wahl erfolgt bei der j\u00e4hrlichen Generalversammlung.<\/p>\n<p>Derzeit besteht der Vorstand aus insgesamt vier Mitgliedern:<\/p>\n<p><strong><img loading=\"lazy\" decoding=\"async\" class=\"alignnone size-medium wp-image-2819\" src=\"http:\/\/rainman.at\/forschungsverein\/wp-content\/uploads\/2015\/12\/team_toni_diestlberger-150x150.png\" alt=\"\" width=\"150\" height=\"150\" \/><\/strong><strong><img loading=\"lazy\" decoding=\"async\" class=\"alignnone size-full wp-image-2818\" src=\"http:\/\/rainman.at\/forschungsverein\/wp-content\/uploads\/2015\/12\/team_helga_mueller-150x150.png\" alt=\"\" width=\"150\" height=\"150\" \/>\u00a0 <img loading=\"lazy\" decoding=\"async\" class=\"alignnone size-medium wp-image-2820\" src=\"http:\/\/rainman.at\/forschungsverein\/wp-content\/uploads\/2015\/12\/team_therese_zoettl-150x150.png\" alt=\"\" width=\"150\" height=\"150\" \/> <img loading=\"lazy\" decoding=\"async\" class=\"alignnone size-medium wp-image-2821\" src=\"http:\/\/rainman.at\/forschungsverein\/wp-content\/uploads\/2015\/12\/team_dr_spiel-150x150.png\" alt=\"\" width=\"150\" height=\"150\" \/><\/strong><\/p>\n<p><strong>Obmann<\/strong>: Dr. Anton Diestelberger<br \/>\n<strong>Kassierin<\/strong>: Helga M\u00fcller<br \/>\n<strong>Schriftf\u00fchrerin<\/strong>: Dr. Therese Z\u00f6ttl<br \/>\n<strong>Weiteres Mitglied<\/strong>: Univ.-Doz. Prim. Dr. Georg Spiel<\/p>\n<p>Die Gemeinn\u00fctzigkeit ist in den Vereinsstatuten definiert.<br \/>\nDie Mitglieder des Vorstands haften pers\u00f6nlich.<\/p>\n","protected":false},"excerpt":{"rendered":"<p>Der Vorstand umfasst drei Mitglieder, die die Funktionen Obmann, Schriftf\u00fchrer, Kassier aus\u00fcben, sowie weitere Mitglieder. Diese werden nur dann in den Vorstand gew\u00e4hlt, wenn sie zur Erreichung der angestrebten Forschungsziele wesentlich beitragen k\u00f6nnen. Die Wahl erfolgt bei der j\u00e4hrlichen Generalversammlung. Derzeit besteht der Vorstand aus insgesamt vier Mitgliedern: \u00a0 Obmann: Dr. Anton Diestelberger Kassierin: Helga &hellip; <a href=\"http:\/\/rainman.at\/forschung\/organisation\/vorstand\/\" class=\"more-link\">weiterlesen <span class=\"screen-reader-text\">Vorstand<\/span><\/a><\/p>\n","protected":false},"author":1,"featured_media":369,"parent":2793,"menu_order":6,"comment_status":"closed","ping_status":"closed","template":"","meta":{"_mi_skip_tracking":false,"footnotes":""},"class_list":["post-203","page","type-page","status-publish","has-post-thumbnail","hentry"],"yoast_head":"<!-- This site is optimized with the Yoast SEO plugin v24.9 - https:\/\/yoast.com\/wordpress\/plugins\/seo\/ -->\n<title>Vorstand - Forschungsverein rainman\u2019s home<\/title>\n<meta name=\"robots\" content=\"index, follow, max-snippet:-1, max-image-preview:large, max-video-preview:-1\" \/>\n<link rel=\"canonical\" href=\"http:\/\/rainman.at\/forschung\/organisation\/vorstand\/\" \/>\n<meta property=\"og:locale\" content=\"de_DE\" \/>\n<meta property=\"og:type\" content=\"article\" \/>\n<meta property=\"og:title\" content=\"Vorstand - Forschungsverein rainman\u2019s home\" \/>\n<meta property=\"og:description\" content=\"Der Vorstand umfasst drei Mitglieder, die die Funktionen Obmann, Schriftf\u00fchrer, Kassier aus\u00fcben, sowie weitere Mitglieder. Diese werden nur dann in den Vorstand gew\u00e4hlt, wenn sie zur Erreichung der angestrebten Forschungsziele wesentlich beitragen k\u00f6nnen. Die Wahl erfolgt bei der j\u00e4hrlichen Generalversammlung. Derzeit besteht der Vorstand aus insgesamt vier Mitgliedern: \u00a0 Obmann: Dr. Anton Diestelberger Kassierin: Helga &hellip; weiterlesen Vorstand\" \/>\n<meta property=\"og:url\" content=\"http:\/\/rainman.at\/forschung\/organisation\/vorstand\/\" \/>\n<meta property=\"og:site_name\" content=\"Forschungsverein rainman\u2019s home\" \/>\n<meta property=\"article:modified_time\" content=\"2017-02-05T16:15:35+00:00\" \/>\n<meta name=\"twitter:card\" content=\"summary_large_image\" \/>\n<script type=\"application\/ld+json\" class=\"yoast-schema-graph\">{\"@context\":\"https:\/\/schema.org\",\"@graph\":[{\"@type\":\"WebPage\",\"@id\":\"http:\/\/rainman.at\/forschung\/organisation\/vorstand\/\",\"url\":\"http:\/\/rainman.at\/forschung\/organisation\/vorstand\/\",\"name\":\"Vorstand - Forschungsverein rainman\u2019s home\",\"isPartOf\":{\"@id\":\"https:\/\/rainman.at\/forschung\/#website\"},\"primaryImageOfPage\":{\"@id\":\"http:\/\/rainman.at\/forschung\/organisation\/vorstand\/#primaryimage\"},\"image\":{\"@id\":\"http:\/\/rainman.at\/forschung\/organisation\/vorstand\/#primaryimage\"},\"thumbnailUrl\":\"\",\"datePublished\":\"2015-12-02T14:54:04+00:00\",\"dateModified\":\"2017-02-05T16:15:35+00:00\",\"breadcrumb\":{\"@id\":\"http:\/\/rainman.at\/forschung\/organisation\/vorstand\/#breadcrumb\"},\"inLanguage\":\"de\",\"potentialAction\":[{\"@type\":\"ReadAction\",\"target\":[\"http:\/\/rainman.at\/forschung\/organisation\/vorstand\/\"]}]},{\"@type\":\"ImageObject\",\"inLanguage\":\"de\",\"@id\":\"http:\/\/rainman.at\/forschung\/organisation\/vorstand\/#primaryimage\",\"url\":\"\",\"contentUrl\":\"\"},{\"@type\":\"BreadcrumbList\",\"@id\":\"http:\/\/rainman.at\/forschung\/organisation\/vorstand\/#breadcrumb\",\"itemListElement\":[{\"@type\":\"ListItem\",\"position\":1,\"name\":\"Startseite\",\"item\":\"https:\/\/rainman.at\/forschung\/\"},{\"@type\":\"ListItem\",\"position\":2,\"name\":\"Organisation\",\"item\":\"http:\/\/rainman.at\/forschung\/organisation\/\"},{\"@type\":\"ListItem\",\"position\":3,\"name\":\"Vorstand\"}]},{\"@type\":\"WebSite\",\"@id\":\"https:\/\/rainman.at\/forschung\/#website\",\"url\":\"https:\/\/rainman.at\/forschung\/\",\"name\":\"Forschungsverein rainman\u2019s home\",\"description\":\"Forschungsverein rainman\u2019s home\",\"potentialAction\":[{\"@type\":\"SearchAction\",\"target\":{\"@type\":\"EntryPoint\",\"urlTemplate\":\"https:\/\/rainman.at\/forschung\/?s={search_term_string}\"},\"query-input\":{\"@type\":\"PropertyValueSpecification\",\"valueRequired\":true,\"valueName\":\"search_term_string\"}}],\"inLanguage\":\"de\"}]}<\/script>\n<!-- \/ Yoast SEO plugin. -->","yoast_head_json":{"title":"Vorstand - Forschungsverein rainman\u2019s home","robots":{"index":"index","follow":"follow","max-snippet":"max-snippet:-1","max-image-preview":"max-image-preview:large","max-video-preview":"max-video-preview:-1"},"canonical":"http:\/\/rainman.at\/forschung\/organisation\/vorstand\/","og_locale":"de_DE","og_type":"article","og_title":"Vorstand - Forschungsverein rainman\u2019s home","og_description":"Der Vorstand umfasst drei Mitglieder, die die Funktionen Obmann, Schriftf\u00fchrer, Kassier aus\u00fcben, sowie weitere Mitglieder. Diese werden nur dann in den Vorstand gew\u00e4hlt, wenn sie zur Erreichung der angestrebten Forschungsziele wesentlich beitragen k\u00f6nnen. Die Wahl erfolgt bei der j\u00e4hrlichen Generalversammlung. Derzeit besteht der Vorstand aus insgesamt vier Mitgliedern: \u00a0 Obmann: Dr. Anton Diestelberger Kassierin: Helga &hellip; weiterlesen Vorstand","og_url":"http:\/\/rainman.at\/forschung\/organisation\/vorstand\/","og_site_name":"Forschungsverein rainman\u2019s home","article_modified_time":"2017-02-05T16:15:35+00:00","twitter_card":"summary_large_image","schema":{"@context":"https:\/\/schema.org","@graph":[{"@type":"WebPage","@id":"http:\/\/rainman.at\/forschung\/organisation\/vorstand\/","url":"http:\/\/rainman.at\/forschung\/organisation\/vorstand\/","name":"Vorstand - Forschungsverein rainman\u2019s home","isPartOf":{"@id":"https:\/\/rainman.at\/forschung\/#website"},"primaryImageOfPage":{"@id":"http:\/\/rainman.at\/forschung\/organisation\/vorstand\/#primaryimage"},"image":{"@id":"http:\/\/rainman.at\/forschung\/organisation\/vorstand\/#primaryimage"},"thumbnailUrl":"","datePublished":"2015-12-02T14:54:04+00:00","dateModified":"2017-02-05T16:15:35+00:00","breadcrumb":{"@id":"http:\/\/rainman.at\/forschung\/organisation\/vorstand\/#breadcrumb"},"inLanguage":"de","potentialAction":[{"@type":"ReadAction","target":["http:\/\/rainman.at\/forschung\/organisation\/vorstand\/"]}]},{"@type":"ImageObject","inLanguage":"de","@id":"http:\/\/rainman.at\/forschung\/organisation\/vorstand\/#primaryimage","url":"","contentUrl":""},{"@type":"BreadcrumbList","@id":"http:\/\/rainman.at\/forschung\/organisation\/vorstand\/#breadcrumb","itemListElement":[{"@type":"ListItem","position":1,"name":"Startseite","item":"https:\/\/rainman.at\/forschung\/"},{"@type":"ListItem","position":2,"name":"Organisation","item":"http:\/\/rainman.at\/forschung\/organisation\/"},{"@type":"ListItem","position":3,"name":"Vorstand"}]},{"@type":"WebSite","@id":"https:\/\/rainman.at\/forschung\/#website","url":"https:\/\/rainman.at\/forschung\/","name":"Forschungsverein rainman\u2019s home","description":"Forschungsverein rainman\u2019s home","potentialAction":[{"@type":"SearchAction","target":{"@type":"EntryPoint","urlTemplate":"https:\/\/rainman.at\/forschung\/?s={search_term_string}"},"query-input":{"@type":"PropertyValueSpecification","valueRequired":true,"valueName":"search_term_string"}}],"inLanguage":"de"}]}},"_links":{"self":[{"href":"http:\/\/rainman.at\/forschung\/wp-json\/wp\/v2\/pages\/203","targetHints":{"allow":["GET"]}}],"collection":[{"href":"http:\/\/rainman.at\/forschung\/wp-json\/wp\/v2\/pages"}],"about":[{"href":"http:\/\/rainman.at\/forschung\/wp-json\/wp\/v2\/types\/page"}],"author":[{"embeddable":true,"href":"http:\/\/rainman.at\/forschung\/wp-json\/wp\/v2\/users\/1"}],"replies":[{"embeddable":true,"href":"http:\/\/rainman.at\/forschung\/wp-json\/wp\/v2\/comments?post=203"}],"version-history":[{"count":4,"href":"http:\/\/rainman.at\/forschung\/wp-json\/wp\/v2\/pages\/203\/revisions"}],"predecessor-version":[{"id":2823,"href":"http:\/\/rainman.at\/forschung\/wp-json\/wp\/v2\/pages\/203\/revisions\/2823"}],"up":[{"embeddable":true,"href":"http:\/\/rainman.at\/forschung\/wp-json\/wp\/v2\/pages\/2793"}],"wp:featuredmedia":[{"embeddable":true,"href":"http:\/\/rainman.at\/forschung\/wp-json\/"}],"wp:attachment":[{"href":"http:\/\/rainman.at\/forschung\/wp-json\/wp\/v2\/media?parent=203"}],"curies":[{"name":"wp","href":"https:\/\/api.w.org\/{rel}","templated":true}]}}